{"id":7518,"date":"2025-06-11T14:26:25","date_gmt":"2025-06-11T14:26:25","guid":{"rendered":"https:\/\/maymodesign.com\/?post_type=product&#038;p=7518"},"modified":"2025-09-26T10:07:31","modified_gmt":"2025-09-26T10:07:31","slug":"porta-lounge-chair-2","status":"publish","type":"product","link":"https:\/\/maymodesign.com\/es\/producto\/porta-lounge-chair-2\/","title":{"rendered":"Butaca Porta"},"content":{"rendered":"<p>&nbsp;<\/p>\n<h5>LA HISTORIA DEL DISE\u00d1O<\/h5>\n<p>&nbsp;<\/p>\n<p>La idea inicial detr\u00e1s de la butaca Porta surgi\u00f3 al observar el p\u00f3rtico de entrada del Palacio de la Asamblea de Chandigarh, proyectado por Le Corbusier en 1951. Porta es una abstracci\u00f3n de ese expresionismo escult\u00f3rico audaz, brutal y sutil a la vez.<\/p>\n<p>&nbsp;<\/p>\n<p>Porta es una butaca de respaldo alto parcialmente tapizada, fabricada en madera de roble, laminada para el cuerpo principal y maciza para las patas. Su composici\u00f3n escult\u00f3rica se materializa en un asiento robusto con una presencia poderosa en el espacio que ocupa. Tiene una construcci\u00f3n sencilla, honesta y rigurosa que muestra detalles sutiles y pulidos.<\/p>\n<p>&nbsp;<\/p>\n<p>Durante su desarrollo, alcanzar el m\u00e1ximo confort fue una prioridad fundamental. Esto se logr\u00f3 mediante el cuidadoso modelado de la carcasa, con curvas meticulosamente dise\u00f1adas para brindar un soporte natural y ergon\u00f3mico al cuerpo. Adem\u00e1s, se utiliz\u00f3 una combinaci\u00f3n cuidadosamente estudiada de capas de espuma, cada una con diferentes grosores y densidades, para ofrecer una experiencia de asiento equilibrada que combina suavidad y soporte. Esta atenci\u00f3n al detalle garantiza una comodidad duradera, tanto para periodos cortos como para usos prolongados.<\/p>\n<p>&nbsp;<\/p>\n<p>&nbsp;<\/p>\n<h5>GANADORA DE un PREMIO \u201cFUERA DE SERIE. DISE\u00d1O E INNOVACI\u00d3N 2024\u201d<\/h5>\n<p>&nbsp;<\/p>\n<p>La butaca Porta fue seleccionada ganadora del premio \u201cFuera de Serie. Dise\u00f1o e Innovaci\u00f3n 2024\u201d en la categor\u00eda de Mobiliario, otorgado por la revista espa\u00f1ola de estilo de vida Fuera de Serie. Fue seleccionada por el jurado entre todas las novedades en mobiliario lanzadas ese a\u00f1o por todas las marcas de dise\u00f1o espa\u00f1olas.<\/p>\n<p>&nbsp;<\/p>\n<p class=\"translation-block\">M\u00e1s sobre la historia de su dise\u00f1o <a href=\"https:\/\/maymodesign.com\/es\/axis\/\" target=\"_self\">aqui<\/a>.<\/strong><\/p>\n<p>&nbsp;<\/p>\n<p>&nbsp;<\/p>\n<h5>MATERIALES SOSTENIBLES<\/h5>\n<p>&nbsp;<\/p>\n<p>Este dise\u00f1o est\u00e1 elaborado con materiales de origen sostenible, incluyendo madera maciza de roble europeo con certificaci\u00f3n FSC, lo que garantiza que cada componente proviene de recursos gestionados de manera responsable. La selecci\u00f3n de tejidos est\u00e1 compuesta por un 92% de poli\u00e9ster reciclado postconsumo, dando una nueva vida a materiales que, de otro modo, se desechar\u00edan. Esto no solo reduce el impacto ambiental, sino que tambi\u00e9n promueve un enfoque m\u00e1s responsable y circular del dise\u00f1o.<\/p>\n<p>&nbsp;<\/p>\n<p>&nbsp;<\/p>\n<h5>Certificaciones:<\/h5>\n<p>&nbsp;<\/p>\n<p>FSC\u00ae , OEKO-TEX\u00ae STANDARD 100<\/p>\n<p>&nbsp;<\/p>\n<p>&nbsp;<\/p>\n<h5>LIMPIEZA Y CUIDADO:<\/h5>\n<p>&nbsp;<\/p>\n<p>Utilice un pa\u00f1o suave y seco para eliminar el polvo de la butaca. Para una limpieza m\u00e1s profunda, limpie suavemente la superficie con un pa\u00f1o ligeramente h\u00famedo y s\u00e9quela inmediatamente con un pa\u00f1o limpio y seco. Pruebe siempre primero en una zona peque\u00f1a para asegurarse de no da\u00f1ar el acabado. Para m\u00e1s instrucciones de limpieza y mantenimiento de la tapicer\u00eda, siga las indicaciones del fabricante del tejido seleccionado.<\/p>\n<p>&nbsp;<\/p>\n<p>&nbsp;<\/p>\n<h5>ENV\u00cdO, ENTREGA Y DEVOLUCI\u00d3N:<\/h5>\n<p>&nbsp;<\/p>\n<p>Todos los precios de env\u00edo se calculan seg\u00fan el volumen de los productos seleccionados. Para obtener m\u00e1s informaci\u00f3n sobre los plazos de entrega estimados, los gastos de env\u00edo y la pol\u00edtica de devoluciones, consulte los <strong><a href=\"https:\/\/maymodesign.com\/es\/terms\/\">t\u00e9rminos y condiciones<\/a>.<\/strong><\/p>\n<p>&nbsp;<\/p>","protected":false},"excerpt":{"rendered":"<h1><\/h1>\n<p>TIEMPO DE ENTREGA ESTIMADO:<br \/>\n45-50 d\u00edas<\/p>\n<p>DIMENSIONES:<br \/>\nL: 708 \/ 840 (con reposabrazos) x A: 900 x H: 953 mm<\/p>\n<p>PESO:<br \/>\n- kg<\/p>\n<p>Materiales:<br \/>\nRoble macizo; chapa de roble (carcasa), espuma; tela<\/p>\n<p>OTRA INFORMACI\u00d3N:<br \/>\nDise\u00f1o registrado<\/p>","protected":false},"featured_media":10699,"template":"","meta":[],"product_brand":[],"product_cat":[94],"product_tag":[62],"class_list":{"0":"post-7518","1":"product","2":"type-product","3":"status-publish","4":"has-post-thumbnail","6":"product_cat-omelette-editions","7":"product_tag-producto-variable","8":"product_shipping_class-porta-lounge-chair","9":"pa_fabric-grain-61250","10":"pa_fabric-grain-61251","11":"pa_fabric-grain-61256","12":"pa_fabric-grain-62123","13":"pa_fabric-grain-66232","14":"pa_fabric-grain-68155","15":"pa_fabric-pine-01","16":"pa_fabric-pine-12","17":"pa_optional-armrests-with-armrests","18":"pa_optional-armrests-without-armrests","20":"first","21":"instock","22":"taxable","23":"shipping-taxable","24":"purchasable","25":"product-type-variable"},"yoast_head":"<!-- This site is optimized with the Yoast SEO plugin v26.0 - https:\/\/yoast.com\/wordpress\/plugins\/seo\/ -->\n<title>Porta Lounge Chair - Brutal and subtle, crafted in solid oak - Omayra Maym\u00f3<\/title>\n<meta name=\"description\" content=\"Sculptural high-back lounge chair in FSC oak. Comfort meets brutalist elegance. Awarded Fuera de Serie Design &amp; Innovation Award 2024.\" \/>\n<meta name=\"robots\" content=\"index, follow, max-snippet:-1, max-image-preview:large, max-video-preview:-1\" \/>\n<link rel=\"canonical\" href=\"https:\/\/maymodesign.com\/es\/producto\/porta-lounge-chair-2\/\" \/>\n<meta property=\"og:locale\" content=\"es_ES\" \/>\n<meta property=\"og:type\" content=\"article\" \/>\n<meta property=\"og:title\" content=\"Porta Lounge Chair - Brutal and subtle, crafted in solid oak - Omayra Maym\u00f3\" \/>\n<meta property=\"og:description\" content=\"Sculptural high-back lounge chair in FSC oak. Comfort meets brutalist elegance. Awarded Fuera de Serie Design &amp; Innovation Award 2024.\" \/>\n<meta property=\"og:url\" content=\"https:\/\/maymodesign.com\/es\/producto\/porta-lounge-chair-2\/\" \/>\n<meta property=\"og:site_name\" content=\"Omayra Maym\u00f3\" \/>\n<meta property=\"article:modified_time\" content=\"2025-09-26T10:07:31+00:00\" \/>\n<meta property=\"og:image\" content=\"https:\/\/maymodesign.com\/wp-content\/uploads\/2025\/06\/Thumb-Shop_07_Porta-by-Omayra-Maymo_00-1.jpg\" \/>\n\t<meta property=\"og:image:width\" content=\"1886\" \/>\n\t<meta property=\"og:image:height\" content=\"2358\" \/>\n\t<meta property=\"og:image:type\" content=\"image\/jpeg\" \/>\n<meta name=\"twitter:card\" content=\"summary_large_image\" \/>\n<meta name=\"twitter:label1\" content=\"Tiempo de lectura\" \/>\n\t<meta name=\"twitter:data1\" content=\"3 minutos\" \/>\n<script type=\"application\/ld+json\" class=\"yoast-schema-graph\">{\"@context\":\"https:\/\/schema.org\",\"@graph\":[{\"@type\":\"WebPage\",\"@id\":\"https:\/\/maymodesign.com\/producto\/porta-lounge-chair-2\/\",\"url\":\"https:\/\/maymodesign.com\/producto\/porta-lounge-chair-2\/\",\"name\":\"Porta Lounge Chair - Brutal and subtle, crafted in solid oak - Omayra Maym\u00f3\",\"isPartOf\":{\"@id\":\"https:\/\/maymodesign.com\/#website\"},\"primaryImageOfPage\":{\"@id\":\"https:\/\/maymodesign.com\/producto\/porta-lounge-chair-2\/#primaryimage\"},\"image\":{\"@id\":\"https:\/\/maymodesign.com\/producto\/porta-lounge-chair-2\/#primaryimage\"},\"thumbnailUrl\":\"https:\/\/maymodesign.com\/wp-content\/uploads\/2025\/06\/Thumb-Shop_07_Porta-by-Omayra-Maymo_00-1.jpg\",\"datePublished\":\"2025-06-11T14:26:25+00:00\",\"dateModified\":\"2025-09-26T10:07:31+00:00\",\"description\":\"Sculptural high-back lounge chair in FSC oak. Comfort meets brutalist elegance. Awarded Fuera de Serie Design & Innovation Award 2024.\",\"breadcrumb\":{\"@id\":\"https:\/\/maymodesign.com\/producto\/porta-lounge-chair-2\/#breadcrumb\"},\"inLanguage\":\"es\",\"potentialAction\":[{\"@type\":\"ReadAction\",\"target\":[\"https:\/\/maymodesign.com\/producto\/porta-lounge-chair-2\/\"]}]},{\"@type\":\"ImageObject\",\"inLanguage\":\"es\",\"@id\":\"https:\/\/maymodesign.com\/producto\/porta-lounge-chair-2\/#primaryimage\",\"url\":\"https:\/\/maymodesign.com\/wp-content\/uploads\/2025\/06\/Thumb-Shop_07_Porta-by-Omayra-Maymo_00-1.jpg\",\"contentUrl\":\"https:\/\/maymodesign.com\/wp-content\/uploads\/2025\/06\/Thumb-Shop_07_Porta-by-Omayra-Maymo_00-1.jpg\",\"width\":1886,\"height\":2358,\"caption\":\"Thumb Shop 07 Porta by Omayra Maymo\u0301 00\"},{\"@type\":\"BreadcrumbList\",\"@id\":\"https:\/\/maymodesign.com\/producto\/porta-lounge-chair-2\/#breadcrumb\",\"itemListElement\":[{\"@type\":\"ListItem\",\"position\":1,\"name\":\"Home\",\"item\":\"https:\/\/maymodesign.com\/\"},{\"@type\":\"ListItem\",\"position\":2,\"name\":\"SHOP\",\"item\":\"https:\/\/maymodesign.com\/shop\/\"},{\"@type\":\"ListItem\",\"position\":3,\"name\":\"Porta Lounge Chair\"}]},{\"@type\":\"WebSite\",\"@id\":\"https:\/\/maymodesign.com\/#website\",\"url\":\"https:\/\/maymodesign.com\/\",\"name\":\"Omayra\",\"description\":\"Omayra Maym\u00f3 - Design furniture, lighting and objects\",\"publisher\":{\"@id\":\"https:\/\/maymodesign.com\/#\/schema\/person\/567561c7c8816e804de476ece4add92d\"},\"potentialAction\":[{\"@type\":\"SearchAction\",\"target\":{\"@type\":\"EntryPoint\",\"urlTemplate\":\"https:\/\/maymodesign.com\/?s={search_term_string}\"},\"query-input\":{\"@type\":\"PropertyValueSpecification\",\"valueRequired\":true,\"valueName\":\"search_term_string\"}}],\"inLanguage\":\"es\"},{\"@type\":[\"Person\",\"Organization\"],\"@id\":\"https:\/\/maymodesign.com\/#\/schema\/person\/567561c7c8816e804de476ece4add92d\",\"name\":\"Omayra\",\"image\":{\"@type\":\"ImageObject\",\"inLanguage\":\"es\",\"@id\":\"https:\/\/maymodesign.com\/#\/schema\/person\/image\/\",\"url\":\"https:\/\/maymodesign.com\/wp-content\/uploads\/2025\/07\/cropped-cropped-Icono-Omayra-Maymo.png\",\"contentUrl\":\"https:\/\/maymodesign.com\/wp-content\/uploads\/2025\/07\/cropped-cropped-Icono-Omayra-Maymo.png\",\"width\":512,\"height\":147,\"caption\":\"Omayra\"},\"logo\":{\"@id\":\"https:\/\/maymodesign.com\/#\/schema\/person\/image\/\"}}]}<\/script>\n<!-- \/ Yoast SEO plugin. -->","yoast_head_json":{"title":"Porta Lounge Chair - Brutal and subtle, crafted in solid oak - Omayra Maym\u00f3","description":"Sculptural high-back lounge chair in FSC oak. Comfort meets brutalist elegance. Awarded Fuera de Serie Design & Innovation Award 2024.","robots":{"index":"index","follow":"follow","max-snippet":"max-snippet:-1","max-image-preview":"max-image-preview:large","max-video-preview":"max-video-preview:-1"},"canonical":"https:\/\/maymodesign.com\/es\/producto\/porta-lounge-chair-2\/","og_locale":"es_ES","og_type":"article","og_title":"Porta Lounge Chair - Brutal and subtle, crafted in solid oak - Omayra Maym\u00f3","og_description":"Sculptural high-back lounge chair in FSC oak. Comfort meets brutalist elegance. Awarded Fuera de Serie Design & Innovation Award 2024.","og_url":"https:\/\/maymodesign.com\/es\/producto\/porta-lounge-chair-2\/","og_site_name":"Omayra Maym\u00f3","article_modified_time":"2025-09-26T10:07:31+00:00","og_image":[{"width":1886,"height":2358,"url":"https:\/\/maymodesign.com\/wp-content\/uploads\/2025\/06\/Thumb-Shop_07_Porta-by-Omayra-Maymo_00-1.jpg","type":"image\/jpeg"}],"twitter_card":"summary_large_image","twitter_misc":{"Tiempo de lectura":"3 minutos"},"schema":{"@context":"https:\/\/schema.org","@graph":[{"@type":"WebPage","@id":"https:\/\/maymodesign.com\/producto\/porta-lounge-chair-2\/","url":"https:\/\/maymodesign.com\/producto\/porta-lounge-chair-2\/","name":"Porta Lounge Chair - Brutal and subtle, crafted in solid oak - Omayra Maym\u00f3","isPartOf":{"@id":"https:\/\/maymodesign.com\/#website"},"primaryImageOfPage":{"@id":"https:\/\/maymodesign.com\/producto\/porta-lounge-chair-2\/#primaryimage"},"image":{"@id":"https:\/\/maymodesign.com\/producto\/porta-lounge-chair-2\/#primaryimage"},"thumbnailUrl":"https:\/\/maymodesign.com\/wp-content\/uploads\/2025\/06\/Thumb-Shop_07_Porta-by-Omayra-Maymo_00-1.jpg","datePublished":"2025-06-11T14:26:25+00:00","dateModified":"2025-09-26T10:07:31+00:00","description":"Sculptural high-back lounge chair in FSC oak. Comfort meets brutalist elegance. Awarded Fuera de Serie Design & Innovation Award 2024.","breadcrumb":{"@id":"https:\/\/maymodesign.com\/producto\/porta-lounge-chair-2\/#breadcrumb"},"inLanguage":"es","potentialAction":[{"@type":"ReadAction","target":["https:\/\/maymodesign.com\/producto\/porta-lounge-chair-2\/"]}]},{"@type":"ImageObject","inLanguage":"es","@id":"https:\/\/maymodesign.com\/producto\/porta-lounge-chair-2\/#primaryimage","url":"https:\/\/maymodesign.com\/wp-content\/uploads\/2025\/06\/Thumb-Shop_07_Porta-by-Omayra-Maymo_00-1.jpg","contentUrl":"https:\/\/maymodesign.com\/wp-content\/uploads\/2025\/06\/Thumb-Shop_07_Porta-by-Omayra-Maymo_00-1.jpg","width":1886,"height":2358,"caption":"Thumb Shop 07 Porta by Omayra Maymo\u0301 00"},{"@type":"BreadcrumbList","@id":"https:\/\/maymodesign.com\/producto\/porta-lounge-chair-2\/#breadcrumb","itemListElement":[{"@type":"ListItem","position":1,"name":"Home","item":"https:\/\/maymodesign.com\/"},{"@type":"ListItem","position":2,"name":"SHOP","item":"https:\/\/maymodesign.com\/shop\/"},{"@type":"ListItem","position":3,"name":"Porta Lounge Chair"}]},{"@type":"WebSite","@id":"https:\/\/maymodesign.com\/#website","url":"https:\/\/maymodesign.com\/","name":"Omayra","description":"Omayra Maym\u00f3 - Design furniture, lighting and objects","publisher":{"@id":"https:\/\/maymodesign.com\/#\/schema\/person\/567561c7c8816e804de476ece4add92d"},"potentialAction":[{"@type":"SearchAction","target":{"@type":"EntryPoint","urlTemplate":"https:\/\/maymodesign.com\/?s={search_term_string}"},"query-input":{"@type":"PropertyValueSpecification","valueRequired":true,"valueName":"search_term_string"}}],"inLanguage":"es"},{"@type":["Person","Organization"],"@id":"https:\/\/maymodesign.com\/#\/schema\/person\/567561c7c8816e804de476ece4add92d","name":"Omayra","image":{"@type":"ImageObject","inLanguage":"es","@id":"https:\/\/maymodesign.com\/#\/schema\/person\/image\/","url":"https:\/\/maymodesign.com\/wp-content\/uploads\/2025\/07\/cropped-cropped-Icono-Omayra-Maymo.png","contentUrl":"https:\/\/maymodesign.com\/wp-content\/uploads\/2025\/07\/cropped-cropped-Icono-Omayra-Maymo.png","width":512,"height":147,"caption":"Omayra"},"logo":{"@id":"https:\/\/maymodesign.com\/#\/schema\/person\/image\/"}}]}},"_links":{"self":[{"href":"https:\/\/maymodesign.com\/es\/wp-json\/wp\/v2\/product\/7518","targetHints":{"allow":["GET"]}}],"collection":[{"href":"https:\/\/maymodesign.com\/es\/wp-json\/wp\/v2\/product"}],"about":[{"href":"https:\/\/maymodesign.com\/es\/wp-json\/wp\/v2\/types\/product"}],"version-history":[{"count":0,"href":"https:\/\/maymodesign.com\/es\/wp-json\/wp\/v2\/product\/7518\/revisions"}],"wp:featuredmedia":[{"embeddable":true,"href":"https:\/\/maymodesign.com\/es\/wp-json\/wp\/v2\/media\/10699"}],"wp:attachment":[{"href":"https:\/\/maymodesign.com\/es\/wp-json\/wp\/v2\/media?parent=7518"}],"wp:term":[{"taxonomy":"product_brand","embeddable":true,"href":"https:\/\/maymodesign.com\/es\/wp-json\/wp\/v2\/product_brand?post=7518"},{"taxonomy":"product_cat","embeddable":true,"href":"https:\/\/maymodesign.com\/es\/wp-json\/wp\/v2\/product_cat?post=7518"},{"taxonomy":"product_tag","embeddable":true,"href":"https:\/\/maymodesign.com\/es\/wp-json\/wp\/v2\/product_tag?post=7518"}],"curies":[{"name":"wp","href":"https:\/\/api.w.org\/{rel}","templated":true}]}}