{"id":2876,"date":"2025-01-03T17:05:23","date_gmt":"2025-01-03T17:05:23","guid":{"rendered":"https:\/\/maymodesign.com\/?post_type=product&#038;p=2876"},"modified":"2025-09-26T10:04:34","modified_gmt":"2025-09-26T10:04:34","slug":"axis-trolley-side-table","status":"publish","type":"product","link":"https:\/\/maymodesign.com\/es\/producto\/axis-trolley-side-table\/","title":{"rendered":"Carrito Axis"},"content":{"rendered":"<p>&nbsp;<\/p>\n<h5>LA HISTORIA DEL DISE\u00d1O<\/h5>\n<p>&nbsp;<\/p>\n<p>Axis es un carrito cuyo lenguaje de dise\u00f1o no se define por su portabilidad o por la ligereza visual y f\u00edsica t\u00edpica de los carritos, sino que es un mueble robusto que tiene ruedas y, por lo tanto, puede permanecer de pie o moverse si se desea. Porque, en realidad, \u00bfcu\u00e1ntas veces se mueven los carritos a lo largo de su vida? Lo cierto es que normalmente pasan la mayor parte de su tiempo quietos, posiblemente en el mismo lugar, as\u00ed que \u00bfpor qu\u00e9 condicionar tanto su dise\u00f1o y construcci\u00f3n, cuando son principalmente piezas de mobiliario regulares y, ocasionalmente, elementos rodantes?<\/p>\n<p>&nbsp;<\/p>\n<p>Jugando con la asimetr\u00eda, el carrito Axis explora el espacio entre la permeabilidad y la ocultaci\u00f3n, dando como resultado una composici\u00f3n arquitect\u00f3nica y minimalista con detalles sobrios y sutiles que se revelan al observarlos de cerca. Axis es un dise\u00f1o tranquilo y cuidadosamente elaborado, realizado \u00edntegramente en madera de roble maciza. Es una pieza con una esencia atemporal que muestra la calidez de la madera a trav\u00e9s de su particular expresi\u00f3n<\/p>\n<p>&nbsp;<\/p>\n<p>La madera de roble est\u00e1 recubierta con una laca transparente para protegerla y realzar sus cualidades. La laca crea una superficie dura y duradera, resistente a ara\u00f1azos, polvo y suciedad.<\/p>\n<p>&nbsp;<\/p>\n<p class=\"translation-block\">M\u00e1s sobre la historia de su dise\u00f1o <a href=\"https:\/\/maymodesign.com\/es\/axis\/\" target=\"_self\">aqui<\/a>.<\/strong><\/p>\n<p>&nbsp;<\/p>\n<p>&nbsp;<\/p>\n<h5>Certificaciones:<\/h5>\n<p>&nbsp;<\/p>\n<p>FSC\u00ae<\/p>\n<p>&nbsp;<\/p>\n<p>&nbsp;<\/p>\n<h5>Cuidado de la madera lacada:<\/h5>\n<p>&nbsp;<\/p>\n<p>La madera es un material natural, y cada pieza es \u00fanica, con cambios sutiles que pueden producirse con el tiempo debido a la exposici\u00f3n al Sol, la humedad y la temperatura. Estos factores ambientales pueden provocar variaciones en el color, la veta e incluso peque\u00f1as grietas o fisuras. Estos movimientos no comprometen el producto; son naturales y forman parte del proceso normal de envejecimiento del material.<\/p>\n<p>&nbsp;<\/p>\n<p>Para el cuidado diario, se recomienda limpiar la superficie con un pa\u00f1o suave escurrido en una soluci\u00f3n tibia y suave de agua con jab\u00f3n. Siempre limpie siguiendo la direcci\u00f3n de la veta de la madera y seque inmediatamente con un pa\u00f1o seco y suave. Evite el uso de agentes o detergentes de limpieza abrasivos, ya que pueden da\u00f1ar la superficie de la madera lacada. Proteja siempre la superficie del calor, la humedad y objetos con color. Nunca coloque los muebles directamente frente a radiadores o fuentes de calor. El vino tinto, el caf\u00e9 y otros l\u00edquidos con colores intensos pueden dejar manchas si no se limpian inmediatamente tras el derrame. Proteja sus muebles del sol para evitar la decoloraci\u00f3n. No se recomienda volver a lacar el producto. Las reparaciones importantes deben ser realizadas siempre por un profesional.<\/p>\n<p>&nbsp;<\/p>\n<p>&nbsp;<\/p>\n<h5>ENV\u00cdO, ENTREGA Y DEVOLUCI\u00d3N:<\/h5>\n<p>&nbsp;<\/p>\n<p>Todos los precios de env\u00edo se calculan seg\u00fan el volumen de los productos seleccionados. Para obtener m\u00e1s informaci\u00f3n sobre los plazos de entrega estimados, los gastos de env\u00edo y la pol\u00edtica de devoluciones, consulte los <a href=\"https:\/\/maymodesign.com\/es\/terms\/\" target=\"_blank\" rel=\"noopener\">t\u00e9rminos y condiciones<\/a>.<\/p>\n<p>&nbsp;<\/p>","protected":false},"excerpt":{"rendered":"<p>TIEMPO DE ENTREGA ESTIMADO:<br \/>\n8-10 d\u00edas laborables<\/p>\n<p>DIMENSIONES:<br \/>\nL: 800 x A: 420 X H: 700 MM<\/p>\n<p>PESO:<br \/>\n- kg<\/p>\n<p>Materiales:<br \/>\nMadera maciza de roble FSC, acabado lacado transparente<\/p>\n<p>OTRA INFORMACI\u00d3N:<br \/>\nDise\u00f1o Registrado<\/p>","protected":false},"featured_media":10696,"template":"","meta":[],"product_brand":[],"product_cat":[122],"product_tag":[76],"class_list":{"0":"post-2876","1":"product","2":"type-product","3":"status-publish","4":"has-post-thumbnail","6":"product_cat-kristina-dam-studio","7":"product_tag-producto-1-variable","8":"product_shipping_class-axis-trolley","9":"pa_material-natural-oak","11":"first","12":"instock","13":"taxable","14":"shipping-taxable","15":"purchasable","16":"product-type-variable"},"yoast_head":"<!-- This site is optimized with the Yoast SEO plugin v26.0 - https:\/\/yoast.com\/wordpress\/plugins\/seo\/ -->\n<title>Axis Trolley - Redefining mobile furniture - Omayra Maym\u00f3<\/title>\n<meta name=\"description\" content=\"Axis Trolley &amp; Side Table in solid FSC oak. Architectural and robust, redefines mobile furniture. Crafted to remain timeless, yet ready to move when needed.\" \/>\n<meta name=\"robots\" content=\"index, follow, max-snippet:-1, max-image-preview:large, max-video-preview:-1\" \/>\n<link rel=\"canonical\" href=\"https:\/\/maymodesign.com\/es\/producto\/axis-trolley-side-table\/\" \/>\n<meta property=\"og:locale\" content=\"es_ES\" \/>\n<meta property=\"og:type\" content=\"article\" \/>\n<meta property=\"og:title\" content=\"Axis Trolley - Redefining mobile furniture - Omayra Maym\u00f3\" \/>\n<meta property=\"og:description\" content=\"Axis Trolley &amp; Side Table in solid FSC oak. Architectural and robust, redefines mobile furniture. Crafted to remain timeless, yet ready to move when needed.\" \/>\n<meta property=\"og:url\" content=\"https:\/\/maymodesign.com\/es\/producto\/axis-trolley-side-table\/\" \/>\n<meta property=\"og:site_name\" content=\"Omayra Maym\u00f3\" \/>\n<meta property=\"article:modified_time\" content=\"2025-09-26T10:04:34+00:00\" \/>\n<meta property=\"og:image\" content=\"https:\/\/maymodesign.com\/wp-content\/uploads\/2025\/01\/Thumb-Shop_06_Axis-by-Omayra-Maymo_00.jpg\" \/>\n\t<meta property=\"og:image:width\" content=\"1903\" \/>\n\t<meta property=\"og:image:height\" content=\"2378\" \/>\n\t<meta property=\"og:image:type\" content=\"image\/jpeg\" \/>\n<meta name=\"twitter:card\" content=\"summary_large_image\" \/>\n<meta name=\"twitter:label1\" content=\"Tiempo de lectura\" \/>\n\t<meta name=\"twitter:data1\" content=\"3 minutos\" \/>\n<script type=\"application\/ld+json\" class=\"yoast-schema-graph\">{\"@context\":\"https:\/\/schema.org\",\"@graph\":[{\"@type\":\"WebPage\",\"@id\":\"https:\/\/maymodesign.com\/producto\/axis-trolley-side-table\/\",\"url\":\"https:\/\/maymodesign.com\/producto\/axis-trolley-side-table\/\",\"name\":\"Axis Trolley - Redefining mobile furniture - Omayra Maym\u00f3\",\"isPartOf\":{\"@id\":\"https:\/\/maymodesign.com\/#website\"},\"primaryImageOfPage\":{\"@id\":\"https:\/\/maymodesign.com\/producto\/axis-trolley-side-table\/#primaryimage\"},\"image\":{\"@id\":\"https:\/\/maymodesign.com\/producto\/axis-trolley-side-table\/#primaryimage\"},\"thumbnailUrl\":\"https:\/\/maymodesign.com\/wp-content\/uploads\/2025\/01\/Thumb-Shop_06_Axis-by-Omayra-Maymo_00.jpg\",\"datePublished\":\"2025-01-03T17:05:23+00:00\",\"dateModified\":\"2025-09-26T10:04:34+00:00\",\"description\":\"Axis Trolley & Side Table in solid FSC oak. Architectural and robust, redefines mobile furniture. Crafted to remain timeless, yet ready to move when needed.\",\"breadcrumb\":{\"@id\":\"https:\/\/maymodesign.com\/producto\/axis-trolley-side-table\/#breadcrumb\"},\"inLanguage\":\"es\",\"potentialAction\":[{\"@type\":\"ReadAction\",\"target\":[\"https:\/\/maymodesign.com\/producto\/axis-trolley-side-table\/\"]}]},{\"@type\":\"ImageObject\",\"inLanguage\":\"es\",\"@id\":\"https:\/\/maymodesign.com\/producto\/axis-trolley-side-table\/#primaryimage\",\"url\":\"https:\/\/maymodesign.com\/wp-content\/uploads\/2025\/01\/Thumb-Shop_06_Axis-by-Omayra-Maymo_00.jpg\",\"contentUrl\":\"https:\/\/maymodesign.com\/wp-content\/uploads\/2025\/01\/Thumb-Shop_06_Axis-by-Omayra-Maymo_00.jpg\",\"width\":1903,\"height\":2378,\"caption\":\"Axis by Omayra Maymo\u0301 00\"},{\"@type\":\"BreadcrumbList\",\"@id\":\"https:\/\/maymodesign.com\/producto\/axis-trolley-side-table\/#breadcrumb\",\"itemListElement\":[{\"@type\":\"ListItem\",\"position\":1,\"name\":\"Home\",\"item\":\"https:\/\/maymodesign.com\/\"},{\"@type\":\"ListItem\",\"position\":2,\"name\":\"SHOP\",\"item\":\"https:\/\/maymodesign.com\/shop\/\"},{\"@type\":\"ListItem\",\"position\":3,\"name\":\"Axis Trolley &#038; Side Table\"}]},{\"@type\":\"WebSite\",\"@id\":\"https:\/\/maymodesign.com\/#website\",\"url\":\"https:\/\/maymodesign.com\/\",\"name\":\"Omayra\",\"description\":\"Omayra Maym\u00f3 - Design furniture, lighting and objects\",\"publisher\":{\"@id\":\"https:\/\/maymodesign.com\/#\/schema\/person\/567561c7c8816e804de476ece4add92d\"},\"potentialAction\":[{\"@type\":\"SearchAction\",\"target\":{\"@type\":\"EntryPoint\",\"urlTemplate\":\"https:\/\/maymodesign.com\/?s={search_term_string}\"},\"query-input\":{\"@type\":\"PropertyValueSpecification\",\"valueRequired\":true,\"valueName\":\"search_term_string\"}}],\"inLanguage\":\"es\"},{\"@type\":[\"Person\",\"Organization\"],\"@id\":\"https:\/\/maymodesign.com\/#\/schema\/person\/567561c7c8816e804de476ece4add92d\",\"name\":\"Omayra\",\"image\":{\"@type\":\"ImageObject\",\"inLanguage\":\"es\",\"@id\":\"https:\/\/maymodesign.com\/#\/schema\/person\/image\/\",\"url\":\"https:\/\/maymodesign.com\/wp-content\/uploads\/2025\/07\/cropped-cropped-Icono-Omayra-Maymo.png\",\"contentUrl\":\"https:\/\/maymodesign.com\/wp-content\/uploads\/2025\/07\/cropped-cropped-Icono-Omayra-Maymo.png\",\"width\":512,\"height\":147,\"caption\":\"Omayra\"},\"logo\":{\"@id\":\"https:\/\/maymodesign.com\/#\/schema\/person\/image\/\"}}]}<\/script>\n<!-- \/ Yoast SEO plugin. -->","yoast_head_json":{"title":"Axis Trolley - Redefining mobile furniture - Omayra Maym\u00f3","description":"Axis Trolley & Side Table in solid FSC oak. Architectural and robust, redefines mobile furniture. Crafted to remain timeless, yet ready to move when needed.","robots":{"index":"index","follow":"follow","max-snippet":"max-snippet:-1","max-image-preview":"max-image-preview:large","max-video-preview":"max-video-preview:-1"},"canonical":"https:\/\/maymodesign.com\/es\/producto\/axis-trolley-side-table\/","og_locale":"es_ES","og_type":"article","og_title":"Axis Trolley - Redefining mobile furniture - Omayra Maym\u00f3","og_description":"Axis Trolley & Side Table in solid FSC oak. Architectural and robust, redefines mobile furniture. Crafted to remain timeless, yet ready to move when needed.","og_url":"https:\/\/maymodesign.com\/es\/producto\/axis-trolley-side-table\/","og_site_name":"Omayra Maym\u00f3","article_modified_time":"2025-09-26T10:04:34+00:00","og_image":[{"width":1903,"height":2378,"url":"https:\/\/maymodesign.com\/wp-content\/uploads\/2025\/01\/Thumb-Shop_06_Axis-by-Omayra-Maymo_00.jpg","type":"image\/jpeg"}],"twitter_card":"summary_large_image","twitter_misc":{"Tiempo de lectura":"3 minutos"},"schema":{"@context":"https:\/\/schema.org","@graph":[{"@type":"WebPage","@id":"https:\/\/maymodesign.com\/producto\/axis-trolley-side-table\/","url":"https:\/\/maymodesign.com\/producto\/axis-trolley-side-table\/","name":"Axis Trolley - Redefining mobile furniture - Omayra Maym\u00f3","isPartOf":{"@id":"https:\/\/maymodesign.com\/#website"},"primaryImageOfPage":{"@id":"https:\/\/maymodesign.com\/producto\/axis-trolley-side-table\/#primaryimage"},"image":{"@id":"https:\/\/maymodesign.com\/producto\/axis-trolley-side-table\/#primaryimage"},"thumbnailUrl":"https:\/\/maymodesign.com\/wp-content\/uploads\/2025\/01\/Thumb-Shop_06_Axis-by-Omayra-Maymo_00.jpg","datePublished":"2025-01-03T17:05:23+00:00","dateModified":"2025-09-26T10:04:34+00:00","description":"Axis Trolley & Side Table in solid FSC oak. Architectural and robust, redefines mobile furniture. Crafted to remain timeless, yet ready to move when needed.","breadcrumb":{"@id":"https:\/\/maymodesign.com\/producto\/axis-trolley-side-table\/#breadcrumb"},"inLanguage":"es","potentialAction":[{"@type":"ReadAction","target":["https:\/\/maymodesign.com\/producto\/axis-trolley-side-table\/"]}]},{"@type":"ImageObject","inLanguage":"es","@id":"https:\/\/maymodesign.com\/producto\/axis-trolley-side-table\/#primaryimage","url":"https:\/\/maymodesign.com\/wp-content\/uploads\/2025\/01\/Thumb-Shop_06_Axis-by-Omayra-Maymo_00.jpg","contentUrl":"https:\/\/maymodesign.com\/wp-content\/uploads\/2025\/01\/Thumb-Shop_06_Axis-by-Omayra-Maymo_00.jpg","width":1903,"height":2378,"caption":"Axis by Omayra Maymo\u0301 00"},{"@type":"BreadcrumbList","@id":"https:\/\/maymodesign.com\/producto\/axis-trolley-side-table\/#breadcrumb","itemListElement":[{"@type":"ListItem","position":1,"name":"Home","item":"https:\/\/maymodesign.com\/"},{"@type":"ListItem","position":2,"name":"SHOP","item":"https:\/\/maymodesign.com\/shop\/"},{"@type":"ListItem","position":3,"name":"Axis Trolley &#038; Side Table"}]},{"@type":"WebSite","@id":"https:\/\/maymodesign.com\/#website","url":"https:\/\/maymodesign.com\/","name":"Omayra","description":"Omayra Maym\u00f3 - Design furniture, lighting and objects","publisher":{"@id":"https:\/\/maymodesign.com\/#\/schema\/person\/567561c7c8816e804de476ece4add92d"},"potentialAction":[{"@type":"SearchAction","target":{"@type":"EntryPoint","urlTemplate":"https:\/\/maymodesign.com\/?s={search_term_string}"},"query-input":{"@type":"PropertyValueSpecification","valueRequired":true,"valueName":"search_term_string"}}],"inLanguage":"es"},{"@type":["Person","Organization"],"@id":"https:\/\/maymodesign.com\/#\/schema\/person\/567561c7c8816e804de476ece4add92d","name":"Omayra","image":{"@type":"ImageObject","inLanguage":"es","@id":"https:\/\/maymodesign.com\/#\/schema\/person\/image\/","url":"https:\/\/maymodesign.com\/wp-content\/uploads\/2025\/07\/cropped-cropped-Icono-Omayra-Maymo.png","contentUrl":"https:\/\/maymodesign.com\/wp-content\/uploads\/2025\/07\/cropped-cropped-Icono-Omayra-Maymo.png","width":512,"height":147,"caption":"Omayra"},"logo":{"@id":"https:\/\/maymodesign.com\/#\/schema\/person\/image\/"}}]}},"_links":{"self":[{"href":"https:\/\/maymodesign.com\/es\/wp-json\/wp\/v2\/product\/2876","targetHints":{"allow":["GET"]}}],"collection":[{"href":"https:\/\/maymodesign.com\/es\/wp-json\/wp\/v2\/product"}],"about":[{"href":"https:\/\/maymodesign.com\/es\/wp-json\/wp\/v2\/types\/product"}],"version-history":[{"count":0,"href":"https:\/\/maymodesign.com\/es\/wp-json\/wp\/v2\/product\/2876\/revisions"}],"wp:featuredmedia":[{"embeddable":true,"href":"https:\/\/maymodesign.com\/es\/wp-json\/wp\/v2\/media\/10696"}],"wp:attachment":[{"href":"https:\/\/maymodesign.com\/es\/wp-json\/wp\/v2\/media?parent=2876"}],"wp:term":[{"taxonomy":"product_brand","embeddable":true,"href":"https:\/\/maymodesign.com\/es\/wp-json\/wp\/v2\/product_brand?post=2876"},{"taxonomy":"product_cat","embeddable":true,"href":"https:\/\/maymodesign.com\/es\/wp-json\/wp\/v2\/product_cat?post=2876"},{"taxonomy":"product_tag","embeddable":true,"href":"https:\/\/maymodesign.com\/es\/wp-json\/wp\/v2\/product_tag?post=2876"}],"curies":[{"name":"wp","href":"https:\/\/api.w.org\/{rel}","templated":true}]}}