{"id":239,"date":"2024-11-10T23:52:42","date_gmt":"2024-11-10T23:52:42","guid":{"rendered":"https:\/\/maymodesign.com\/?post_type=product&#038;p=239"},"modified":"2025-11-09T22:10:22","modified_gmt":"2025-11-09T22:10:22","slug":"colonna-bookends","status":"publish","type":"product","link":"https:\/\/maymodesign.com\/es\/producto\/colonna-bookends\/","title":{"rendered":"Sujetalibros Colonna"},"content":{"rendered":"<h5><\/h5>\n<h5><span style=\"font-weight: 400;\">LA HISTORIA DEL DISE\u00d1O<\/span><\/h5>\n<p>&nbsp;<\/p>\n<p><span style=\"font-weight: 300;\">Colonna es un proyecto que pretende resaltar el valor y la belleza de la imperfecci\u00f3n, algo que da lugar a objetos m\u00e1s conmovedores y \u00fanicos. Colonna es un conjunto de dos sujetalibros realizados en travertino. Son dos vol\u00famenes cil\u00edndricos cuya parte superior se ha dejado cruda, mostrando la textura real de la piedra natural sin pulir, como si una columna entera se hubiera partido en dos. Estos objetos evocan una peque\u00f1a historia sobre ruinas antiguas, vestigios de una cultura pasada que se encuentran entre la literatura de los libros.<\/span><\/p>\n<p>&nbsp;<\/p>\n<p><span style=\"font-weight: 300;\">Estos objetos pueden sostener libros, funcionar como pisapapeles o simplemente habitar un espacio por s\u00ed solos, ya que contienen la esencia de una peque\u00f1a escultura en su interior.<\/span><\/p>\n<p>&nbsp;<\/p>\n<p><span style=\"font-weight: 300;\">M\u00e1s informaci\u00f3n sobre la historia de su dise\u00f1o <\/span><span style=\"font-weight: 400;\"><a href=\"https:\/\/maymodesign.com\/es\/colonna\/\" target=\"_blank\" rel=\"noopener\">aqu\u00ed<\/a>.\u00a0<\/span><\/p>\n<p>&nbsp;<\/p>\n<p>&nbsp;<\/p>\n<h5><span style=\"font-weight: 400;\">UNA FORMA \u00daNICA DE FABRICACI\u00d3N:<\/span><\/h5>\n<p>&nbsp;<\/p>\n<p><span style=\"font-weight: 300;\">El proceso de elaboraci\u00f3n de los sujetalibros Colonna da como resultado objetos \u00fanicos. Realzando las singularidades naturales del material, su superficie superior se deja intencionadamente cruda e imperfecta. Como reliquias modernas, estos objetos celebran la belleza de la imperfecci\u00f3n y resaltan la riqueza de la materialidad natural de la piedra. Su dise\u00f1o, combinado con las cualidades inherentes del material, garantiza que no haya dos piezas exactamente iguales: esta singularidad no es un defecto, sino una caracter\u00edstica definitoria. Estas variaciones intencionales reflejan un enfoque creativo m\u00e1s humano y reflexivo, donde la individualidad y la autenticidad son fundamentales para el valor y la belleza del objeto.<\/span><\/p>\n<p>&nbsp;<\/p>\n<p>&nbsp;<\/p>\n<h5><span style=\"font-weight: 400;\">instrucciones de cuidado:<\/span><\/h5>\n<p>&nbsp;<\/p>\n<p><span style=\"font-weight: 300;\">Limpiar con un pa\u00f1o ligeramente h\u00famedo.<\/span><\/p>\n<p>&nbsp;<\/p>\n<p>&nbsp;<\/p>\n<h5><span style=\"font-weight: 400;\">ENV\u00cdO, ENTREGA Y DEVOLUCI\u00d3N:<\/span><\/h5>\n<p>&nbsp;<\/p>\n<p><span style=\"font-weight: 300;\">Todos los precios de env\u00edo se calculan seg\u00fan el volumen de los productos seleccionados. Para obtener m\u00e1s informaci\u00f3n sobre los plazos de entrega estimados, los gastos de env\u00edo y la pol\u00edtica de devoluciones, consulte los <\/span><span style=\"font-weight: 400;\"><a href=\"https:\/\/maymodesign.com\/es\/terms\/\" target=\"_blank\" rel=\"noopener\">t\u00e9rminos y condiciones<\/a>.<\/span><\/p>\n<p>&nbsp;<\/p>","protected":false},"excerpt":{"rendered":"<p>&nbsp;<\/p>\n<p>TIEMPO DE ENTREGA ESTIMADO:<br \/>\n3-4 d\u00edas laborables<\/p>\n<p>DIMENSIONES:<br \/>\nH: 185 x \u00d8: 82 mm &amp; H: 155 x \u00d8: 82 mm<\/p>\n<p>PESO:<br \/>\n3.5 kg<\/p>\n<p>Materiales:<br \/>\nTRAVERTINO<\/p>\n<p>OTRA INFORMACI\u00d3N:<br \/>\n2 SUJETALIBROS, CADA UNO UNA PIEZA \u00daNICA<\/p>","protected":false},"featured_media":8785,"template":"","meta":[],"product_brand":[],"product_cat":[95],"product_tag":[76],"class_list":{"0":"post-239","1":"product","2":"type-product","3":"status-publish","4":"has-post-thumbnail","6":"product_cat-spring-copenhagen","7":"product_tag-producto-1-variable","8":"product_shipping_class-colonna-bookends","9":"pa_material-travertine","11":"first","12":"instock","13":"taxable","14":"shipping-taxable","15":"purchasable","16":"product-type-variable"},"yoast_head":"<!-- This site is optimized with the Yoast SEO plugin v26.0 - https:\/\/yoast.com\/wordpress\/plugins\/seo\/ -->\n<title>Colonna Bookends - Raw Stone, Uniquely Crafted - Omayra Maym\u00f3<\/title>\n<meta name=\"description\" content=\"Colonna bookends celebrate the beauty of imperfection. Each piece is uniquely crafted in raw stone, highlighting the natural character of the material.\" \/>\n<meta name=\"robots\" content=\"index, follow, max-snippet:-1, max-image-preview:large, max-video-preview:-1\" \/>\n<link rel=\"canonical\" href=\"https:\/\/maymodesign.com\/es\/producto\/colonna-bookends\/\" \/>\n<meta property=\"og:locale\" content=\"es_ES\" \/>\n<meta property=\"og:type\" content=\"article\" \/>\n<meta property=\"og:title\" content=\"Colonna Bookends - Raw Stone, Uniquely Crafted - Omayra Maym\u00f3\" \/>\n<meta property=\"og:description\" content=\"Colonna bookends celebrate the beauty of imperfection. Each piece is uniquely crafted in raw stone, highlighting the natural character of the material.\" \/>\n<meta property=\"og:url\" content=\"https:\/\/maymodesign.com\/es\/producto\/colonna-bookends\/\" \/>\n<meta property=\"og:site_name\" content=\"Omayra Maym\u00f3\" \/>\n<meta property=\"article:modified_time\" content=\"2025-11-09T22:10:22+00:00\" \/>\n<meta property=\"og:image\" content=\"https:\/\/maymodesign.com\/wp-content\/uploads\/2024\/11\/Colonna-Bookends-by-Omayra-Maymo-for-Spring-Copenhagen_07-Copiar.webp\" \/>\n\t<meta property=\"og:image:width\" content=\"1340\" \/>\n\t<meta property=\"og:image:height\" content=\"1675\" \/>\n\t<meta property=\"og:image:type\" content=\"image\/webp\" \/>\n<meta name=\"twitter:card\" content=\"summary_large_image\" \/>\n<meta name=\"twitter:label1\" content=\"Tiempo de lectura\" \/>\n\t<meta name=\"twitter:data1\" content=\"2 minutos\" \/>\n<script type=\"application\/ld+json\" class=\"yoast-schema-graph\">{\"@context\":\"https:\/\/schema.org\",\"@graph\":[{\"@type\":\"WebPage\",\"@id\":\"https:\/\/maymodesign.com\/producto\/colonna-bookends\/\",\"url\":\"https:\/\/maymodesign.com\/producto\/colonna-bookends\/\",\"name\":\"Colonna Bookends - Raw Stone, Uniquely Crafted - Omayra Maym\u00f3\",\"isPartOf\":{\"@id\":\"https:\/\/maymodesign.com\/#website\"},\"primaryImageOfPage\":{\"@id\":\"https:\/\/maymodesign.com\/producto\/colonna-bookends\/#primaryimage\"},\"image\":{\"@id\":\"https:\/\/maymodesign.com\/producto\/colonna-bookends\/#primaryimage\"},\"thumbnailUrl\":\"https:\/\/maymodesign.com\/wp-content\/uploads\/2024\/11\/Colonna-Bookends-by-Omayra-Maymo-for-Spring-Copenhagen_07-Copiar.webp\",\"datePublished\":\"2024-11-10T23:52:42+00:00\",\"dateModified\":\"2025-11-09T22:10:22+00:00\",\"description\":\"Colonna bookends celebrate the beauty of imperfection. Each piece is uniquely crafted in raw stone, highlighting the natural character of the material.\",\"breadcrumb\":{\"@id\":\"https:\/\/maymodesign.com\/producto\/colonna-bookends\/#breadcrumb\"},\"inLanguage\":\"es\",\"potentialAction\":[{\"@type\":\"ReadAction\",\"target\":[\"https:\/\/maymodesign.com\/producto\/colonna-bookends\/\"]}]},{\"@type\":\"ImageObject\",\"inLanguage\":\"es\",\"@id\":\"https:\/\/maymodesign.com\/producto\/colonna-bookends\/#primaryimage\",\"url\":\"https:\/\/maymodesign.com\/wp-content\/uploads\/2024\/11\/Colonna-Bookends-by-Omayra-Maymo-for-Spring-Copenhagen_07-Copiar.webp\",\"contentUrl\":\"https:\/\/maymodesign.com\/wp-content\/uploads\/2024\/11\/Colonna-Bookends-by-Omayra-Maymo-for-Spring-Copenhagen_07-Copiar.webp\",\"width\":1340,\"height\":1675,\"caption\":\"Colonna Bookends by Omayra Maym\u00f3 for Spring Copenhagen_07\"},{\"@type\":\"BreadcrumbList\",\"@id\":\"https:\/\/maymodesign.com\/producto\/colonna-bookends\/#breadcrumb\",\"itemListElement\":[{\"@type\":\"ListItem\",\"position\":1,\"name\":\"Home\",\"item\":\"https:\/\/maymodesign.com\/\"},{\"@type\":\"ListItem\",\"position\":2,\"name\":\"SHOP\",\"item\":\"https:\/\/maymodesign.com\/shop\/\"},{\"@type\":\"ListItem\",\"position\":3,\"name\":\"Colonna Bookends\"}]},{\"@type\":\"WebSite\",\"@id\":\"https:\/\/maymodesign.com\/#website\",\"url\":\"https:\/\/maymodesign.com\/\",\"name\":\"Omayra\",\"description\":\"Omayra Maym\u00f3 - Design furniture, lighting and objects\",\"publisher\":{\"@id\":\"https:\/\/maymodesign.com\/#\/schema\/person\/567561c7c8816e804de476ece4add92d\"},\"potentialAction\":[{\"@type\":\"SearchAction\",\"target\":{\"@type\":\"EntryPoint\",\"urlTemplate\":\"https:\/\/maymodesign.com\/?s={search_term_string}\"},\"query-input\":{\"@type\":\"PropertyValueSpecification\",\"valueRequired\":true,\"valueName\":\"search_term_string\"}}],\"inLanguage\":\"es\"},{\"@type\":[\"Person\",\"Organization\"],\"@id\":\"https:\/\/maymodesign.com\/#\/schema\/person\/567561c7c8816e804de476ece4add92d\",\"name\":\"Omayra\",\"image\":{\"@type\":\"ImageObject\",\"inLanguage\":\"es\",\"@id\":\"https:\/\/maymodesign.com\/#\/schema\/person\/image\/\",\"url\":\"https:\/\/maymodesign.com\/wp-content\/uploads\/2025\/07\/cropped-cropped-Icono-Omayra-Maymo.png\",\"contentUrl\":\"https:\/\/maymodesign.com\/wp-content\/uploads\/2025\/07\/cropped-cropped-Icono-Omayra-Maymo.png\",\"width\":512,\"height\":147,\"caption\":\"Omayra\"},\"logo\":{\"@id\":\"https:\/\/maymodesign.com\/#\/schema\/person\/image\/\"}}]}<\/script>\n<!-- \/ Yoast SEO plugin. -->","yoast_head_json":{"title":"Colonna Bookends - Raw Stone, Uniquely Crafted - Omayra Maym\u00f3","description":"Colonna bookends celebrate the beauty of imperfection. Each piece is uniquely crafted in raw stone, highlighting the natural character of the material.","robots":{"index":"index","follow":"follow","max-snippet":"max-snippet:-1","max-image-preview":"max-image-preview:large","max-video-preview":"max-video-preview:-1"},"canonical":"https:\/\/maymodesign.com\/es\/producto\/colonna-bookends\/","og_locale":"es_ES","og_type":"article","og_title":"Colonna Bookends - Raw Stone, Uniquely Crafted - Omayra Maym\u00f3","og_description":"Colonna bookends celebrate the beauty of imperfection. Each piece is uniquely crafted in raw stone, highlighting the natural character of the material.","og_url":"https:\/\/maymodesign.com\/es\/producto\/colonna-bookends\/","og_site_name":"Omayra Maym\u00f3","article_modified_time":"2025-11-09T22:10:22+00:00","og_image":[{"width":1340,"height":1675,"url":"https:\/\/maymodesign.com\/wp-content\/uploads\/2024\/11\/Colonna-Bookends-by-Omayra-Maymo-for-Spring-Copenhagen_07-Copiar.webp","type":"image\/webp"}],"twitter_card":"summary_large_image","twitter_misc":{"Tiempo de lectura":"2 minutos"},"schema":{"@context":"https:\/\/schema.org","@graph":[{"@type":"WebPage","@id":"https:\/\/maymodesign.com\/producto\/colonna-bookends\/","url":"https:\/\/maymodesign.com\/producto\/colonna-bookends\/","name":"Colonna Bookends - Raw Stone, Uniquely Crafted - Omayra Maym\u00f3","isPartOf":{"@id":"https:\/\/maymodesign.com\/#website"},"primaryImageOfPage":{"@id":"https:\/\/maymodesign.com\/producto\/colonna-bookends\/#primaryimage"},"image":{"@id":"https:\/\/maymodesign.com\/producto\/colonna-bookends\/#primaryimage"},"thumbnailUrl":"https:\/\/maymodesign.com\/wp-content\/uploads\/2024\/11\/Colonna-Bookends-by-Omayra-Maymo-for-Spring-Copenhagen_07-Copiar.webp","datePublished":"2024-11-10T23:52:42+00:00","dateModified":"2025-11-09T22:10:22+00:00","description":"Colonna bookends celebrate the beauty of imperfection. Each piece is uniquely crafted in raw stone, highlighting the natural character of the material.","breadcrumb":{"@id":"https:\/\/maymodesign.com\/producto\/colonna-bookends\/#breadcrumb"},"inLanguage":"es","potentialAction":[{"@type":"ReadAction","target":["https:\/\/maymodesign.com\/producto\/colonna-bookends\/"]}]},{"@type":"ImageObject","inLanguage":"es","@id":"https:\/\/maymodesign.com\/producto\/colonna-bookends\/#primaryimage","url":"https:\/\/maymodesign.com\/wp-content\/uploads\/2024\/11\/Colonna-Bookends-by-Omayra-Maymo-for-Spring-Copenhagen_07-Copiar.webp","contentUrl":"https:\/\/maymodesign.com\/wp-content\/uploads\/2024\/11\/Colonna-Bookends-by-Omayra-Maymo-for-Spring-Copenhagen_07-Copiar.webp","width":1340,"height":1675,"caption":"Colonna Bookends by Omayra Maym\u00f3 for Spring Copenhagen_07"},{"@type":"BreadcrumbList","@id":"https:\/\/maymodesign.com\/producto\/colonna-bookends\/#breadcrumb","itemListElement":[{"@type":"ListItem","position":1,"name":"Home","item":"https:\/\/maymodesign.com\/"},{"@type":"ListItem","position":2,"name":"SHOP","item":"https:\/\/maymodesign.com\/shop\/"},{"@type":"ListItem","position":3,"name":"Colonna Bookends"}]},{"@type":"WebSite","@id":"https:\/\/maymodesign.com\/#website","url":"https:\/\/maymodesign.com\/","name":"Omayra","description":"Omayra Maym\u00f3 - Design furniture, lighting and objects","publisher":{"@id":"https:\/\/maymodesign.com\/#\/schema\/person\/567561c7c8816e804de476ece4add92d"},"potentialAction":[{"@type":"SearchAction","target":{"@type":"EntryPoint","urlTemplate":"https:\/\/maymodesign.com\/?s={search_term_string}"},"query-input":{"@type":"PropertyValueSpecification","valueRequired":true,"valueName":"search_term_string"}}],"inLanguage":"es"},{"@type":["Person","Organization"],"@id":"https:\/\/maymodesign.com\/#\/schema\/person\/567561c7c8816e804de476ece4add92d","name":"Omayra","image":{"@type":"ImageObject","inLanguage":"es","@id":"https:\/\/maymodesign.com\/#\/schema\/person\/image\/","url":"https:\/\/maymodesign.com\/wp-content\/uploads\/2025\/07\/cropped-cropped-Icono-Omayra-Maymo.png","contentUrl":"https:\/\/maymodesign.com\/wp-content\/uploads\/2025\/07\/cropped-cropped-Icono-Omayra-Maymo.png","width":512,"height":147,"caption":"Omayra"},"logo":{"@id":"https:\/\/maymodesign.com\/#\/schema\/person\/image\/"}}]}},"_links":{"self":[{"href":"https:\/\/maymodesign.com\/es\/wp-json\/wp\/v2\/product\/239","targetHints":{"allow":["GET"]}}],"collection":[{"href":"https:\/\/maymodesign.com\/es\/wp-json\/wp\/v2\/product"}],"about":[{"href":"https:\/\/maymodesign.com\/es\/wp-json\/wp\/v2\/types\/product"}],"version-history":[{"count":0,"href":"https:\/\/maymodesign.com\/es\/wp-json\/wp\/v2\/product\/239\/revisions"}],"wp:featuredmedia":[{"embeddable":true,"href":"https:\/\/maymodesign.com\/es\/wp-json\/wp\/v2\/media\/8785"}],"wp:attachment":[{"href":"https:\/\/maymodesign.com\/es\/wp-json\/wp\/v2\/media?parent=239"}],"wp:term":[{"taxonomy":"product_brand","embeddable":true,"href":"https:\/\/maymodesign.com\/es\/wp-json\/wp\/v2\/product_brand?post=239"},{"taxonomy":"product_cat","embeddable":true,"href":"https:\/\/maymodesign.com\/es\/wp-json\/wp\/v2\/product_cat?post=239"},{"taxonomy":"product_tag","embeddable":true,"href":"https:\/\/maymodesign.com\/es\/wp-json\/wp\/v2\/product_tag?post=239"}],"curies":[{"name":"wp","href":"https:\/\/api.w.org\/{rel}","templated":true}]}}