{"id":237,"date":"2024-11-10T23:52:10","date_gmt":"2024-11-10T23:52:10","guid":{"rendered":"https:\/\/maymodesign.com\/?post_type=product&#038;p=237"},"modified":"2026-02-17T20:18:42","modified_gmt":"2026-02-17T20:18:42","slug":"pleat-pitcher","status":"publish","type":"product","link":"https:\/\/maymodesign.com\/es\/producto\/pleat-pitcher\/","title":{"rendered":"Jarra Pleat"},"content":{"rendered":"<h5 data-start=\"98\" data-end=\"116\"><\/h5>\n<h5 data-start=\"98\" data-end=\"116\">HISTORIA DEL DISE\u00d1O<\/h5>\n<p>&nbsp;<\/p>\n<p data-start=\"118\" data-end=\"456\">La jarra Pleat toma forma a trav\u00e9s de un simple gesto, claro y potente, que deforma un cilindro perfecto. Se genera de una sola vez su significado, funci\u00f3n y expresi\u00f3n, formando la boca de la jarra. Al tiempo que se crea una pieza altamente funcional, esta acci\u00f3n revela la fuerza y la simplicidad de la pieza.<\/p>\n<p>&nbsp;<\/p>\n<p data-start=\"458\" data-end=\"821\">Al contrario de lo que ocurre en la industria, la forma de Pleat no ha sido impuesta, sino que nace de una cuidadosa manipulaci\u00f3n del material en la que se permite que el acero se arrugue siguiendo su propio comportamiento, liberando la belleza de su deformaci\u00f3n natural. Esta forma de tratar el material no solo aporta valor est\u00e9tico, sino que tambi\u00e9n es beneficiosa en otros sentidos, ya que en este proceso de plegado se refuerza significativamente toda la estructura, lo que permite reducir al m\u00ednimo el grosor del material.<\/p>\n<p>&nbsp;<\/p>\n<p data-start=\"823\" data-end=\"949\">La jarra tiene un vertido sin goteo y su di\u00e1metro de 90 mm permite un agarre perfecto con una sola mano, con capacidad para m\u00e1s de 1 litro de l\u00edquido.<\/p>\n<p>&nbsp;<\/p>\n<p data-start=\"951\" data-end=\"1092\">Pleat naci\u00f3 como parte de un proyecto especulativo que investigaba c\u00f3mo crear individualidad dentro de la producci\u00f3n en serie. M\u00e1s informaci\u00f3n <a href=\"https:\/\/maymodesign.com\/es\/pleat\/\" target=\"_blank\" rel=\"noopener\">aqu\u00ed<\/a>.<\/p>\n<p>&nbsp;<\/p>\n<p>&nbsp;<\/p>\n<h5>Una forma \u00fanica de fabricaci\u00f3n<\/h5>\n<p>&nbsp;<\/p>\n<p data-start=\"1132\" data-end=\"1442\">La Jarra Pleat se elabora cuidadosamente, de modo que cada pieza es ligeramente \u00fanica. Pueden presentarse diferencias en la textura del material, con peque\u00f1as marcas o desviaciones. Estas singularidades son sutiles pero deliberadas, y aportan valor y personalidad a cada pieza. Las diferencias se conciben como el factor esencial de una fabricaci\u00f3n m\u00e1s humana y significativa.<\/p>\n<p>&nbsp;<\/p>\n<p>&nbsp;<\/p>\n<h5>Certificaciones<\/h5>\n<p>&nbsp;<\/p>\n<p data-start=\"1466\" data-end=\"1486\">BS EN 13130-1:2004<\/p>\n<p>&nbsp;<\/p>\n<p>&nbsp;<\/p>\n<h5>LIMPIEZA Y MANTENIMIENTO<\/h5>\n<p>&nbsp;<\/p>\n<p data-start=\"1518\" data-end=\"1796\">La jarra Pleat es apta para lavavajillas, aunque se recomienda lavarla a mano para mantenerla en perfecto estado. No utilice productos abrasivos ni herramientas de limpieza fuertes como limpiacristales, aguarr\u00e1s o trementina, ya que pueden da\u00f1ar la superficie.<\/p>\n<p>&nbsp;<\/p>\n<p>&nbsp;<\/p>\n<h5>PRECAUCIONES DE SEGURIDAD<\/h5>\n<p>&nbsp;<\/p>\n<p data-start=\"1824\" data-end=\"1911\">No se recomienda usar la jarra con bebidas calientes, ya que la superficie puede calentarse mucho.<\/p>\n<p>&nbsp;<\/p>\n<p>&nbsp;<\/p>\n<h5>ENV\u00cdO, ENTREGA Y DEVOLUCI\u00d3N<\/h5>\n<p>&nbsp;<\/p>\n<p data-start=\"1949\" data-end=\"2153\">Todos los precios de env\u00edo se calculan seg\u00fan el volumen de los productos seleccionados. Para obtener m\u00e1s informaci\u00f3n sobre los plazos de entrega estimados, los gastos de env\u00edo y la pol\u00edtica de devoluciones, consulte los <a href=\"https:\/\/maymodesign.com\/es\/terms\/\" target=\"_blank\" rel=\"noopener\">T\u00e9rminos y Condiciones<\/a>.<\/p>","protected":false},"excerpt":{"rendered":"<p data-start=\"83\" data-end=\"133\">Estimated Delivery Time:<br data-start=\"111\" data-end=\"114\" \/>3\u20134 business days<\/p>\n<p data-start=\"135\" data-end=\"187\">DIMENSIONES:<br data-start=\"150\" data-end=\"153\" \/>H: 210 x \u00d8: 90 mm; Capacity: 1 L<\/p>\n<p data-start=\"189\" data-end=\"211\">PESO:<br data-start=\"200\" data-end=\"203\" \/>0.5 kg<\/p>\n<p data-start=\"213\" data-end=\"263\">Materiales:<br data-start=\"227\" data-end=\"230\" \/>Mirror-polished stainless steel<\/p>\n<p data-start=\"265\" data-end=\"314\">Additional Information:<br data-start=\"292\" data-end=\"295\" \/>Dise\u00f1o registrado<\/p>","protected":false},"featured_media":8749,"template":"","meta":[],"product_brand":[],"product_cat":[96],"product_tag":[76,61],"class_list":{"0":"post-237","1":"product","2":"type-product","3":"status-publish","4":"has-post-thumbnail","6":"product_cat-new-works","7":"product_tag-producto-1-variable","8":"product_tag-producto-simple","9":"product_shipping_class-pleat-pitcher","10":"pa_material-stainless-steel","12":"first","13":"instock","14":"taxable","15":"shipping-taxable","16":"purchasable","17":"product-type-variable"},"yoast_head":"<!-- This site is optimized with the Yoast SEO plugin v26.0 - https:\/\/yoast.com\/wordpress\/plugins\/seo\/ -->\n<title>Pleat Pitcher - Thoughtful, Sculptural &amp; Functional Design - Omayra Maym\u00f3<\/title>\n<meta name=\"description\" content=\"Pleat pitcher, crafted in mirror-polished stainless steel. Each is uniquely shaped, blending function and poetry. It holds 1 liter and has a dripless pour.\" \/>\n<meta name=\"robots\" content=\"index, follow, max-snippet:-1, max-image-preview:large, max-video-preview:-1\" \/>\n<link rel=\"canonical\" href=\"https:\/\/maymodesign.com\/es\/producto\/pleat-pitcher\/\" \/>\n<meta property=\"og:locale\" content=\"es_ES\" \/>\n<meta property=\"og:type\" content=\"article\" \/>\n<meta property=\"og:title\" content=\"Pleat Pitcher - Thoughtful, Sculptural &amp; Functional Design - Omayra Maym\u00f3\" \/>\n<meta property=\"og:description\" content=\"Pleat pitcher, crafted in mirror-polished stainless steel. Each is uniquely shaped, blending function and poetry. It holds 1 liter and has a dripless pour.\" \/>\n<meta property=\"og:url\" content=\"https:\/\/maymodesign.com\/es\/producto\/pleat-pitcher\/\" \/>\n<meta property=\"og:site_name\" content=\"Omayra Maym\u00f3\" \/>\n<meta property=\"article:modified_time\" content=\"2026-02-17T20:18:42+00:00\" \/>\n<meta property=\"og:image\" content=\"https:\/\/maymodesign.com\/wp-content\/uploads\/2024\/11\/Pleat-By-Omayra-Maymo_New-Works-7-Copiar.webp\" \/>\n\t<meta property=\"og:image:width\" content=\"1440\" \/>\n\t<meta property=\"og:image:height\" content=\"1800\" \/>\n\t<meta property=\"og:image:type\" content=\"image\/webp\" \/>\n<meta name=\"twitter:card\" content=\"summary_large_image\" \/>\n<meta name=\"twitter:label1\" content=\"Tiempo de lectura\" \/>\n\t<meta name=\"twitter:data1\" content=\"2 minutos\" \/>\n<script type=\"application\/ld+json\" class=\"yoast-schema-graph\">{\"@context\":\"https:\/\/schema.org\",\"@graph\":[{\"@type\":\"WebPage\",\"@id\":\"https:\/\/maymodesign.com\/producto\/pleat-pitcher\/\",\"url\":\"https:\/\/maymodesign.com\/producto\/pleat-pitcher\/\",\"name\":\"Pleat Pitcher - Thoughtful, Sculptural & Functional Design - Omayra Maym\u00f3\",\"isPartOf\":{\"@id\":\"https:\/\/maymodesign.com\/#website\"},\"primaryImageOfPage\":{\"@id\":\"https:\/\/maymodesign.com\/producto\/pleat-pitcher\/#primaryimage\"},\"image\":{\"@id\":\"https:\/\/maymodesign.com\/producto\/pleat-pitcher\/#primaryimage\"},\"thumbnailUrl\":\"https:\/\/maymodesign.com\/wp-content\/uploads\/2024\/11\/Pleat-By-Omayra-Maymo_New-Works-7-Copiar.webp\",\"datePublished\":\"2024-11-10T23:52:10+00:00\",\"dateModified\":\"2026-02-17T20:18:42+00:00\",\"description\":\"Pleat pitcher, crafted in mirror-polished stainless steel. Each is uniquely shaped, blending function and poetry. It holds 1 liter and has a dripless pour.\",\"breadcrumb\":{\"@id\":\"https:\/\/maymodesign.com\/producto\/pleat-pitcher\/#breadcrumb\"},\"inLanguage\":\"es\",\"potentialAction\":[{\"@type\":\"ReadAction\",\"target\":[\"https:\/\/maymodesign.com\/producto\/pleat-pitcher\/\"]}]},{\"@type\":\"ImageObject\",\"inLanguage\":\"es\",\"@id\":\"https:\/\/maymodesign.com\/producto\/pleat-pitcher\/#primaryimage\",\"url\":\"https:\/\/maymodesign.com\/wp-content\/uploads\/2024\/11\/Pleat-By-Omayra-Maymo_New-Works-7-Copiar.webp\",\"contentUrl\":\"https:\/\/maymodesign.com\/wp-content\/uploads\/2024\/11\/Pleat-By-Omayra-Maymo_New-Works-7-Copiar.webp\",\"width\":1440,\"height\":1800,\"caption\":\"Pleat By Omayra Maym\u00f3 New Works_7\"},{\"@type\":\"BreadcrumbList\",\"@id\":\"https:\/\/maymodesign.com\/producto\/pleat-pitcher\/#breadcrumb\",\"itemListElement\":[{\"@type\":\"ListItem\",\"position\":1,\"name\":\"Home\",\"item\":\"https:\/\/maymodesign.com\/\"},{\"@type\":\"ListItem\",\"position\":2,\"name\":\"SHOP\",\"item\":\"https:\/\/maymodesign.com\/shop\/\"},{\"@type\":\"ListItem\",\"position\":3,\"name\":\"Pleat Pitcher\"}]},{\"@type\":\"WebSite\",\"@id\":\"https:\/\/maymodesign.com\/#website\",\"url\":\"https:\/\/maymodesign.com\/\",\"name\":\"Omayra\",\"description\":\"Omayra Maym\u00f3 - Design furniture, lighting and objects\",\"publisher\":{\"@id\":\"https:\/\/maymodesign.com\/#\/schema\/person\/567561c7c8816e804de476ece4add92d\"},\"potentialAction\":[{\"@type\":\"SearchAction\",\"target\":{\"@type\":\"EntryPoint\",\"urlTemplate\":\"https:\/\/maymodesign.com\/?s={search_term_string}\"},\"query-input\":{\"@type\":\"PropertyValueSpecification\",\"valueRequired\":true,\"valueName\":\"search_term_string\"}}],\"inLanguage\":\"es\"},{\"@type\":[\"Person\",\"Organization\"],\"@id\":\"https:\/\/maymodesign.com\/#\/schema\/person\/567561c7c8816e804de476ece4add92d\",\"name\":\"Omayra\",\"image\":{\"@type\":\"ImageObject\",\"inLanguage\":\"es\",\"@id\":\"https:\/\/maymodesign.com\/#\/schema\/person\/image\/\",\"url\":\"https:\/\/maymodesign.com\/wp-content\/uploads\/2025\/07\/cropped-cropped-Icono-Omayra-Maymo.png\",\"contentUrl\":\"https:\/\/maymodesign.com\/wp-content\/uploads\/2025\/07\/cropped-cropped-Icono-Omayra-Maymo.png\",\"width\":512,\"height\":147,\"caption\":\"Omayra\"},\"logo\":{\"@id\":\"https:\/\/maymodesign.com\/#\/schema\/person\/image\/\"}}]}<\/script>\n<!-- \/ Yoast SEO plugin. -->","yoast_head_json":{"title":"Pleat Pitcher - Thoughtful, Sculptural & Functional Design - Omayra Maym\u00f3","description":"Pleat pitcher, crafted in mirror-polished stainless steel. Each is uniquely shaped, blending function and poetry. It holds 1 liter and has a dripless pour.","robots":{"index":"index","follow":"follow","max-snippet":"max-snippet:-1","max-image-preview":"max-image-preview:large","max-video-preview":"max-video-preview:-1"},"canonical":"https:\/\/maymodesign.com\/es\/producto\/pleat-pitcher\/","og_locale":"es_ES","og_type":"article","og_title":"Pleat Pitcher - Thoughtful, Sculptural & Functional Design - Omayra Maym\u00f3","og_description":"Pleat pitcher, crafted in mirror-polished stainless steel. Each is uniquely shaped, blending function and poetry. It holds 1 liter and has a dripless pour.","og_url":"https:\/\/maymodesign.com\/es\/producto\/pleat-pitcher\/","og_site_name":"Omayra Maym\u00f3","article_modified_time":"2026-02-17T20:18:42+00:00","og_image":[{"width":1440,"height":1800,"url":"https:\/\/maymodesign.com\/wp-content\/uploads\/2024\/11\/Pleat-By-Omayra-Maymo_New-Works-7-Copiar.webp","type":"image\/webp"}],"twitter_card":"summary_large_image","twitter_misc":{"Tiempo de lectura":"2 minutos"},"schema":{"@context":"https:\/\/schema.org","@graph":[{"@type":"WebPage","@id":"https:\/\/maymodesign.com\/producto\/pleat-pitcher\/","url":"https:\/\/maymodesign.com\/producto\/pleat-pitcher\/","name":"Pleat Pitcher - Thoughtful, Sculptural & Functional Design - Omayra Maym\u00f3","isPartOf":{"@id":"https:\/\/maymodesign.com\/#website"},"primaryImageOfPage":{"@id":"https:\/\/maymodesign.com\/producto\/pleat-pitcher\/#primaryimage"},"image":{"@id":"https:\/\/maymodesign.com\/producto\/pleat-pitcher\/#primaryimage"},"thumbnailUrl":"https:\/\/maymodesign.com\/wp-content\/uploads\/2024\/11\/Pleat-By-Omayra-Maymo_New-Works-7-Copiar.webp","datePublished":"2024-11-10T23:52:10+00:00","dateModified":"2026-02-17T20:18:42+00:00","description":"Pleat pitcher, crafted in mirror-polished stainless steel. Each is uniquely shaped, blending function and poetry. It holds 1 liter and has a dripless pour.","breadcrumb":{"@id":"https:\/\/maymodesign.com\/producto\/pleat-pitcher\/#breadcrumb"},"inLanguage":"es","potentialAction":[{"@type":"ReadAction","target":["https:\/\/maymodesign.com\/producto\/pleat-pitcher\/"]}]},{"@type":"ImageObject","inLanguage":"es","@id":"https:\/\/maymodesign.com\/producto\/pleat-pitcher\/#primaryimage","url":"https:\/\/maymodesign.com\/wp-content\/uploads\/2024\/11\/Pleat-By-Omayra-Maymo_New-Works-7-Copiar.webp","contentUrl":"https:\/\/maymodesign.com\/wp-content\/uploads\/2024\/11\/Pleat-By-Omayra-Maymo_New-Works-7-Copiar.webp","width":1440,"height":1800,"caption":"Pleat By Omayra Maym\u00f3 New Works_7"},{"@type":"BreadcrumbList","@id":"https:\/\/maymodesign.com\/producto\/pleat-pitcher\/#breadcrumb","itemListElement":[{"@type":"ListItem","position":1,"name":"Home","item":"https:\/\/maymodesign.com\/"},{"@type":"ListItem","position":2,"name":"SHOP","item":"https:\/\/maymodesign.com\/shop\/"},{"@type":"ListItem","position":3,"name":"Pleat Pitcher"}]},{"@type":"WebSite","@id":"https:\/\/maymodesign.com\/#website","url":"https:\/\/maymodesign.com\/","name":"Omayra","description":"Omayra Maym\u00f3 - Design furniture, lighting and objects","publisher":{"@id":"https:\/\/maymodesign.com\/#\/schema\/person\/567561c7c8816e804de476ece4add92d"},"potentialAction":[{"@type":"SearchAction","target":{"@type":"EntryPoint","urlTemplate":"https:\/\/maymodesign.com\/?s={search_term_string}"},"query-input":{"@type":"PropertyValueSpecification","valueRequired":true,"valueName":"search_term_string"}}],"inLanguage":"es"},{"@type":["Person","Organization"],"@id":"https:\/\/maymodesign.com\/#\/schema\/person\/567561c7c8816e804de476ece4add92d","name":"Omayra","image":{"@type":"ImageObject","inLanguage":"es","@id":"https:\/\/maymodesign.com\/#\/schema\/person\/image\/","url":"https:\/\/maymodesign.com\/wp-content\/uploads\/2025\/07\/cropped-cropped-Icono-Omayra-Maymo.png","contentUrl":"https:\/\/maymodesign.com\/wp-content\/uploads\/2025\/07\/cropped-cropped-Icono-Omayra-Maymo.png","width":512,"height":147,"caption":"Omayra"},"logo":{"@id":"https:\/\/maymodesign.com\/#\/schema\/person\/image\/"}}]}},"_links":{"self":[{"href":"https:\/\/maymodesign.com\/es\/wp-json\/wp\/v2\/product\/237","targetHints":{"allow":["GET"]}}],"collection":[{"href":"https:\/\/maymodesign.com\/es\/wp-json\/wp\/v2\/product"}],"about":[{"href":"https:\/\/maymodesign.com\/es\/wp-json\/wp\/v2\/types\/product"}],"version-history":[{"count":0,"href":"https:\/\/maymodesign.com\/es\/wp-json\/wp\/v2\/product\/237\/revisions"}],"wp:featuredmedia":[{"embeddable":true,"href":"https:\/\/maymodesign.com\/es\/wp-json\/wp\/v2\/media\/8749"}],"wp:attachment":[{"href":"https:\/\/maymodesign.com\/es\/wp-json\/wp\/v2\/media?parent=237"}],"wp:term":[{"taxonomy":"product_brand","embeddable":true,"href":"https:\/\/maymodesign.com\/es\/wp-json\/wp\/v2\/product_brand?post=237"},{"taxonomy":"product_cat","embeddable":true,"href":"https:\/\/maymodesign.com\/es\/wp-json\/wp\/v2\/product_cat?post=237"},{"taxonomy":"product_tag","embeddable":true,"href":"https:\/\/maymodesign.com\/es\/wp-json\/wp\/v2\/product_tag?post=237"}],"curies":[{"name":"wp","href":"https:\/\/api.w.org\/{rel}","templated":true}]}}