{"id":11083,"date":"2025-08-19T07:06:29","date_gmt":"2025-08-19T07:06:29","guid":{"rendered":"https:\/\/maymodesign.com\/?page_id=11083"},"modified":"2025-11-07T18:07:02","modified_gmt":"2025-11-07T18:07:02","slug":"cookies","status":"publish","type":"page","link":"https:\/\/maymodesign.com\/es\/cookies\/","title":{"rendered":"COOKIES"},"content":{"rendered":"<div data-elementor-type=\"wp-page\" data-elementor-id=\"11083\" class=\"elementor elementor-11083\" data-elementor-post-type=\"page\">\n\t\t\t\t\t\t<section class=\"elementor-section elementor-top-section elementor-element elementor-element-47421d5 elementor-section-boxed elementor-section-height-default elementor-section-height-default wpr-particle-no wpr-jarallax-no wpr-parallax-no wpr-sticky-section-no\" data-id=\"47421d5\" data-element_type=\"section\">\n\t\t\t\t\t\t<div class=\"elementor-container elementor-column-gap-default\">\n\t\t\t\t\t<div class=\"elementor-column elementor-col-100 elementor-top-column elementor-element elementor-element-7fced7d\" data-id=\"7fced7d\" data-element_type=\"column\">\n\t\t\t<div class=\"elementor-widget-wrap elementor-element-populated\">\n\t\t\t\t\t\t<div class=\"elementor-element elementor-element-b087b6b elementor-widget elementor-widget-heading\" data-id=\"b087b6b\" data-element_type=\"widget\" data-widget_type=\"heading.default\">\n\t\t\t\t<div class=\"elementor-widget-container\">\n\t\t\t\t\t<h2 class=\"elementor-heading-title elementor-size-default\">Cookie Policy<\/h2>\t\t\t\t<\/div>\n\t\t\t\t<\/div>\n\t\t\t\t\t<\/div>\n\t\t<\/div>\n\t\t\t\t\t<\/div>\n\t\t<\/section>\n\t\t<div class=\"elementor-element elementor-element-3a1521a e-flex e-con-boxed wpr-particle-no wpr-jarallax-no wpr-parallax-no wpr-sticky-section-no e-con e-parent\" data-id=\"3a1521a\" data-element_type=\"container\">\n\t\t\t\t\t<div class=\"e-con-inner\">\n\t\t\t\t<div class=\"elementor-element elementor-element-19a4ce6 elementor-widget elementor-widget-text-editor\" data-id=\"19a4ce6\" data-element_type=\"widget\" data-widget_type=\"text-editor.default\">\n\t\t\t\t<div class=\"elementor-widget-container\">\n\t\t\t\t\t\t\t\t\t<p>Este sitio web utiliza cookies para mejorar la experiencia del usuario. \u00c9stas incluyen cookies propias y de terceros (Google Analytics).<\/p><p>1. Definici\u00f3n y funci\u00f3n de las cookies Las cookies son archivos que se almacenan en el dispositivo del usuario con el objetivo de mejorar la navegaci\u00f3n y permitir ciertas funcionalidades.<\/p><p>2. Tipos de cookies utilizadas<br \/>Cookies t\u00e9cnicas: Necesarias para el funcionamiento del sitio web. Cookies de an\u00e1lisis: Utilizadas para medir y analizar el tr\u00e1fico en la web mediante Google Analytics.<\/p><p>3. Gestor de consentimiento<br \/>Los usuarios pueden aceptar, rechazar o configurar sus preferencias sobre el uso de cookies mediante el aviso emergente en la web.<\/p><p>4. C\u00f3mo eliminar las cookies<br \/>Las cookies pueden gestionarse a trav\u00e9s de la configuraci\u00f3n del navegador del usuario. Se incluyen instrucciones para los navegadores m\u00e1s utilizados:<\/p><p><a href=\"https:\/\/support.apple.com\/es-es\/guide\/safari\/sfri11471\/mac\">Safari<\/a><\/p><p><a href=\"https:\/\/support.google.com\/chrome\/answer\/95647?hl=es\">Google Chrome<\/a><\/p><p><a href=\"https:\/\/support.mozilla.org\/es\/kb\/habilitar-y-deshabilitar-cookies-sitios-web-rastrear-preferencias\">Mozilla Firefox<\/a><\/p><p><a href=\"https:\/\/support.microsoft.com\/es-es\/microsoft-edge\/administrar-cookies-en-microsoft-edge-63947406-40ac-c3b8-57b9-2a946a29ae09\">Microsoft Edge<\/a><\/p>\t\t\t\t\t\t\t\t<\/div>\n\t\t\t\t<\/div>\n\t\t\t\t\t<\/div>\n\t\t\t\t<\/div>\n\t\t\t\t<\/div>","protected":false},"excerpt":{"rendered":"<p>Cookie Policy This website uses cookies to improve the user experience. These include own and third party cookies (Google Analytics). 1. Definition and function of cookies Cookies are files that are stored on the user\u2019s device with the aim of improving browsing and enabling certain functionalities. 2. Types of cookies usedTechnical cookies: Necessary for the operation of the website. Analysis cookies: Used to measure and analyse web traffic through Google Analytics. 3. Consent managerUsers can accept, reject or configure their preferences on the use of cookies by means of the pop-up notice on the website. 4. How to delete cookiesCookies can be managed through the user\u2019s browser settings. Instructions for the most commonly used browsers are included: Safari Google Chrome Mozilla Firefox Microsoft Edge<\/p>","protected":false},"author":3,"featured_media":0,"parent":0,"menu_order":0,"comment_status":"closed","ping_status":"closed","template":"","meta":{"footnotes":""},"class_list":["post-11083","page","type-page","status-publish","hentry"],"yoast_head":"<!-- This site is optimized with the Yoast SEO plugin v26.0 - https:\/\/yoast.com\/wordpress\/plugins\/seo\/ -->\n<title>ACCESSIBILITY - Omayra Maym\u00f3<\/title>\n<meta name=\"robots\" content=\"noindex, nofollow\" \/>\n<meta property=\"og:locale\" content=\"es_ES\" \/>\n<meta property=\"og:type\" content=\"article\" \/>\n<meta property=\"og:title\" content=\"ACCESSIBILITY - Omayra Maym\u00f3\" \/>\n<meta property=\"og:description\" content=\"Cookie Policy This website uses cookies to improve the user experience. These include own and third party cookies (Google Analytics). 1. Definition and function of cookies Cookies are files that are stored on the user\u2019s device with the aim of improving browsing and enabling certain functionalities. 2. Types of cookies usedTechnical cookies: Necessary for the operation of the website. Analysis cookies: Used to measure and analyse web traffic through Google Analytics. 3. Consent managerUsers can accept, reject or configure their preferences on the use of cookies by means of the pop-up notice on the website. 4. How to delete cookiesCookies can be managed through the user\u2019s browser settings. Instructions for the most commonly used browsers are included: Safari Google Chrome Mozilla Firefox Microsoft Edge\" \/>\n<meta property=\"og:url\" content=\"https:\/\/maymodesign.com\/es\/cookies\/\" \/>\n<meta property=\"og:site_name\" content=\"Omayra Maym\u00f3\" \/>\n<meta property=\"article:modified_time\" content=\"2025-11-07T18:07:02+00:00\" \/>\n<meta name=\"twitter:card\" content=\"summary_large_image\" \/>\n<meta name=\"twitter:label1\" content=\"Tiempo de lectura\" \/>\n\t<meta name=\"twitter:data1\" content=\"1 minuto\" \/>\n<script type=\"application\/ld+json\" class=\"yoast-schema-graph\">{\"@context\":\"https:\/\/schema.org\",\"@graph\":[{\"@type\":\"WebPage\",\"@id\":\"https:\/\/maymodesign.com\/cookies\/\",\"url\":\"https:\/\/maymodesign.com\/cookies\/\",\"name\":\"ACCESSIBILITY - Omayra Maym\u00f3\",\"isPartOf\":{\"@id\":\"https:\/\/maymodesign.com\/#website\"},\"datePublished\":\"2025-08-19T07:06:29+00:00\",\"dateModified\":\"2025-11-07T18:07:02+00:00\",\"breadcrumb\":{\"@id\":\"https:\/\/maymodesign.com\/cookies\/#breadcrumb\"},\"inLanguage\":\"es\",\"potentialAction\":[{\"@type\":\"ReadAction\",\"target\":[\"https:\/\/maymodesign.com\/cookies\/\"]}]},{\"@type\":\"BreadcrumbList\",\"@id\":\"https:\/\/maymodesign.com\/cookies\/#breadcrumb\",\"itemListElement\":[{\"@type\":\"ListItem\",\"position\":1,\"name\":\"Home\",\"item\":\"https:\/\/maymodesign.com\/\"},{\"@type\":\"ListItem\",\"position\":2,\"name\":\"COOKIES\"}]},{\"@type\":\"WebSite\",\"@id\":\"https:\/\/maymodesign.com\/#website\",\"url\":\"https:\/\/maymodesign.com\/\",\"name\":\"Omayra\",\"description\":\"Omayra Maym\u00f3 - Design furniture, lighting and objects\",\"publisher\":{\"@id\":\"https:\/\/maymodesign.com\/#\/schema\/person\/567561c7c8816e804de476ece4add92d\"},\"potentialAction\":[{\"@type\":\"SearchAction\",\"target\":{\"@type\":\"EntryPoint\",\"urlTemplate\":\"https:\/\/maymodesign.com\/?s={search_term_string}\"},\"query-input\":{\"@type\":\"PropertyValueSpecification\",\"valueRequired\":true,\"valueName\":\"search_term_string\"}}],\"inLanguage\":\"es\"},{\"@type\":[\"Person\",\"Organization\"],\"@id\":\"https:\/\/maymodesign.com\/#\/schema\/person\/567561c7c8816e804de476ece4add92d\",\"name\":\"Omayra\",\"image\":{\"@type\":\"ImageObject\",\"inLanguage\":\"es\",\"@id\":\"https:\/\/maymodesign.com\/#\/schema\/person\/image\/\",\"url\":\"https:\/\/maymodesign.com\/wp-content\/uploads\/2025\/07\/cropped-cropped-Icono-Omayra-Maymo.png\",\"contentUrl\":\"https:\/\/maymodesign.com\/wp-content\/uploads\/2025\/07\/cropped-cropped-Icono-Omayra-Maymo.png\",\"width\":512,\"height\":147,\"caption\":\"Omayra\"},\"logo\":{\"@id\":\"https:\/\/maymodesign.com\/#\/schema\/person\/image\/\"}}]}<\/script>\n<!-- \/ Yoast SEO plugin. -->","yoast_head_json":{"title":"ACCESSIBILITY - Omayra Maym\u00f3","robots":{"index":"noindex","follow":"nofollow"},"og_locale":"es_ES","og_type":"article","og_title":"ACCESSIBILITY - Omayra Maym\u00f3","og_description":"Cookie Policy This website uses cookies to improve the user experience. These include own and third party cookies (Google Analytics). 1. Definition and function of cookies Cookies are files that are stored on the user\u2019s device with the aim of improving browsing and enabling certain functionalities. 2. Types of cookies usedTechnical cookies: Necessary for the operation of the website. Analysis cookies: Used to measure and analyse web traffic through Google Analytics. 3. Consent managerUsers can accept, reject or configure their preferences on the use of cookies by means of the pop-up notice on the website. 4. How to delete cookiesCookies can be managed through the user\u2019s browser settings. Instructions for the most commonly used browsers are included: Safari Google Chrome Mozilla Firefox Microsoft Edge","og_url":"https:\/\/maymodesign.com\/es\/cookies\/","og_site_name":"Omayra Maym\u00f3","article_modified_time":"2025-11-07T18:07:02+00:00","twitter_card":"summary_large_image","twitter_misc":{"Tiempo de lectura":"1 minuto"},"schema":{"@context":"https:\/\/schema.org","@graph":[{"@type":"WebPage","@id":"https:\/\/maymodesign.com\/cookies\/","url":"https:\/\/maymodesign.com\/cookies\/","name":"ACCESSIBILITY - Omayra Maym\u00f3","isPartOf":{"@id":"https:\/\/maymodesign.com\/#website"},"datePublished":"2025-08-19T07:06:29+00:00","dateModified":"2025-11-07T18:07:02+00:00","breadcrumb":{"@id":"https:\/\/maymodesign.com\/cookies\/#breadcrumb"},"inLanguage":"es","potentialAction":[{"@type":"ReadAction","target":["https:\/\/maymodesign.com\/cookies\/"]}]},{"@type":"BreadcrumbList","@id":"https:\/\/maymodesign.com\/cookies\/#breadcrumb","itemListElement":[{"@type":"ListItem","position":1,"name":"Home","item":"https:\/\/maymodesign.com\/"},{"@type":"ListItem","position":2,"name":"COOKIES"}]},{"@type":"WebSite","@id":"https:\/\/maymodesign.com\/#website","url":"https:\/\/maymodesign.com\/","name":"Omayra","description":"Omayra Maym\u00f3 - Design furniture, lighting and objects","publisher":{"@id":"https:\/\/maymodesign.com\/#\/schema\/person\/567561c7c8816e804de476ece4add92d"},"potentialAction":[{"@type":"SearchAction","target":{"@type":"EntryPoint","urlTemplate":"https:\/\/maymodesign.com\/?s={search_term_string}"},"query-input":{"@type":"PropertyValueSpecification","valueRequired":true,"valueName":"search_term_string"}}],"inLanguage":"es"},{"@type":["Person","Organization"],"@id":"https:\/\/maymodesign.com\/#\/schema\/person\/567561c7c8816e804de476ece4add92d","name":"Omayra","image":{"@type":"ImageObject","inLanguage":"es","@id":"https:\/\/maymodesign.com\/#\/schema\/person\/image\/","url":"https:\/\/maymodesign.com\/wp-content\/uploads\/2025\/07\/cropped-cropped-Icono-Omayra-Maymo.png","contentUrl":"https:\/\/maymodesign.com\/wp-content\/uploads\/2025\/07\/cropped-cropped-Icono-Omayra-Maymo.png","width":512,"height":147,"caption":"Omayra"},"logo":{"@id":"https:\/\/maymodesign.com\/#\/schema\/person\/image\/"}}]}},"_links":{"self":[{"href":"https:\/\/maymodesign.com\/es\/wp-json\/wp\/v2\/pages\/11083","targetHints":{"allow":["GET"]}}],"collection":[{"href":"https:\/\/maymodesign.com\/es\/wp-json\/wp\/v2\/pages"}],"about":[{"href":"https:\/\/maymodesign.com\/es\/wp-json\/wp\/v2\/types\/page"}],"author":[{"embeddable":true,"href":"https:\/\/maymodesign.com\/es\/wp-json\/wp\/v2\/users\/3"}],"replies":[{"embeddable":true,"href":"https:\/\/maymodesign.com\/es\/wp-json\/wp\/v2\/comments?post=11083"}],"version-history":[{"count":0,"href":"https:\/\/maymodesign.com\/es\/wp-json\/wp\/v2\/pages\/11083\/revisions"}],"wp:attachment":[{"href":"https:\/\/maymodesign.com\/es\/wp-json\/wp\/v2\/media?parent=11083"}],"curies":[{"name":"wp","href":"https:\/\/api.w.org\/{rel}","templated":true}]}}